{"id":409,"date":"2020-12-15T11:04:55","date_gmt":"2020-12-15T10:04:55","guid":{"rendered":"http:\/\/inducate.eu\/?page_id=409"},"modified":"2020-12-16T12:02:23","modified_gmt":"2020-12-16T11:02:23","slug":"__trashed","status":"publish","type":"page","link":"https:\/\/inducate.eu\/index.php\/project-presentation\/__trashed\/","title":{"rendered":"Apie projekt\u0105"},"content":{"rendered":"\n<p><strong>&nbsp;Kod\u0117l \u0161is projektas reikalingas?<\/strong><\/p>\n\n\n\n<p><br>Europos suaug\u0119 besimokantieji, turintys sveikatos sutrikim\u0173, susiduria su socialin\u0117s atskirties rizika ir kli\u016btimis \u012fsidarbinti.<br>Tarptautiniu mastu sutariama, kad norint \u012fveikti \u0161ias kli\u016btis jiems reikia specialios paramos, kad jie gal\u0117t\u0173 tobulinti savo \u012fg\u016bd\u017eius, \u017einias ir kompetencij\u0105.<br>\u201eINDUCATE\u201c (2019\u20132022) yra \u201eErasmus +\u201c projektas, kuriuo siekiama i\u0161spr\u0119sti \u0161\u012f i\u0161\u0161\u016bk\u012f pateikiant integruot\u0105 vertinimo sistem\u0105, skirt\u0105 \u012fvertinti suaugusi\u0173j\u0173 \u0161vietimo paslaug\u0173 teik\u0117j\u0173 veiksmingum\u0105 suaugusiems besimokantiems, susid\u016brusiems su atskirties situacijomis, susijusiomis su j\u0173 sveikatos b\u016bkle.<br>\u201eINDUCATE\u201c suteiks galimyb\u0119 suaugusi\u0173j\u0173 \u0161vietimo personalui geriau suprasti su sveikata susijusi\u0173 asmen\u0173 poreikius ir pad\u0117s jiems \u012fgyvendinti efektyvesnes \u0161vietimo programas.<\/p>\n\n\n\n<div style=\"height:53px\" aria-hidden=\"true\" class=\"wp-block-spacer\"><\/div>\n\n\n\n<p><strong>Kaip mes planuojame tai padaryti?<\/strong><\/p>\n\n\n\n<p>Suaugusi\u0173j\u0173 \u0161vietimo paslaug\u0173 teik\u0117jai \u012fsivertins save, kad \u012fvertint\u0173 savo mokymo poveik\u012f, gal\u0117s parengti kokyb\u0117s gerinimo planus ir pasidalins savo patirtimi su savo bendraam\u017eiais. Bus sukurtas i\u0161pl\u0117stas Europos suaugusi\u0173j\u0173 \u0161vietimo teik\u0117j\u0173 ir kit\u0173 suinteresuot\u0173 \u012fstaig\u0173 tinklas.<br>\u201eINDUCATE\u201c vienija 5 organizacijas i\u0161 skirting\u0173 Europos \u0161ali\u0173, veikian\u010dias suaugusi\u0173j\u0173 mokymosi, \u0161vietimo tyrim\u0173 ir politikos pl\u0117tros srityse (su\u017einokite daugiau apie dalyvaujan\u010dias organizacijas)<\/p>\n\n\n\n<p><\/p>\n\n\n\n<div style=\"height:53px\" aria-hidden=\"true\" class=\"wp-block-spacer\"><\/div>\n\n\n\n<p><strong>Tikslai<\/strong><\/p>\n\n\n\n<p>Nustatyti ir&nbsp;&nbsp;vie\u0161inti&nbsp;veiksnius, turin\u010dius \u012ftakos suaugusi\u0173j\u0173 \u0161vietimo (AE) veiksmingumui besimokantiems, turintiems sveikatos problem\u0173<\/p>\n\n\n\n<p>Pateikti integruot\u0105 sistem\u0105&nbsp;&nbsp;AE&nbsp;teik\u0117jams, kad jie gal\u0117t\u0173 \u012fvertinti savo pasi\u016blym\u0173 poveik\u012f besimokantiems, turintiems sveikatos problem\u0173<\/p>\n\n\n\n<p>Dalintis&nbsp;rekomendacijomis, kad&nbsp;AE&nbsp;teik\u0117jai gal\u0117t\u0173 s\u0117kmingai patenkinti su sveikata susijusi\u0173 asmen\u0173 poreikius<\/p>\n\n\n\n<p><\/p>\n\n\n\n<div style=\"height:53px\" aria-hidden=\"true\" class=\"wp-block-spacer\"><\/div>\n\n\n\n<p><strong>Tikslin\u0117s grup\u0117s<\/strong><\/p>\n\n\n\n<p>AE teik\u0117jai, auk\u0161tojo mokslo \u012fstaigos ir daugyb\u0117 vie\u0161\u0173j\u0173 ir priva\u010di\u0173 paslaug\u0173 teik\u0117j\u0173.<br>AEir vis\u0105 gyvenim\u0105 trunkan\u010dio mokymosi (LLL) asociacijos ES ir nacionaliniu lygiu.<\/p>\n\n\n\n<p>Europos ir nacionaliniai \u0161vietimo, socialin\u0117s politikos ir \u0161vietimo kokyb\u0117s institutai.<\/p>\n\n\n\n<p>Asmenys, turintys sveikatos sutrikim\u0173,&nbsp;juos atstovaujan\u010dios&nbsp;asociacijos ir NVO.<\/p>\n\n\n\n<p>\u012estaigos, teikian\u010dios&nbsp;profesines ir \u0161vietimo konsultacijas pa\u017eeid\u017eiamoms grup\u0117ms, \u012fskaitant asmenis, turin\u010dius sveikatos problem\u0173.<\/p>\n","protected":false},"excerpt":{"rendered":"<p>&nbsp;Kod\u0117l \u0161is projektas reikalingas? Europos suaug\u0119 besimokantieji, turintys sveikatos sutrikim\u0173, susiduria su socialin\u0117s atskirties rizika ir kli\u016btimis \u012fsidarbinti.Tarptautiniu mastu sutariama, kad norint [&hellip;]<\/p>\n","protected":false},"author":1,"featured_media":0,"parent":2,"menu_order":0,"comment_status":"closed","ping_status":"closed","template":"","meta":{"om_disable_all_campaigns":false,"footnotes":""},"_links":{"self":[{"href":"https:\/\/inducate.eu\/index.php\/wp-json\/wp\/v2\/pages\/409"}],"collection":[{"href":"https:\/\/inducate.eu\/index.php\/wp-json\/wp\/v2\/pages"}],"about":[{"href":"https:\/\/inducate.eu\/index.php\/wp-json\/wp\/v2\/types\/page"}],"author":[{"embeddable":true,"href":"https:\/\/inducate.eu\/index.php\/wp-json\/wp\/v2\/users\/1"}],"replies":[{"embeddable":true,"href":"https:\/\/inducate.eu\/index.php\/wp-json\/wp\/v2\/comments?post=409"}],"version-history":[{"count":10,"href":"https:\/\/inducate.eu\/index.php\/wp-json\/wp\/v2\/pages\/409\/revisions"}],"predecessor-version":[{"id":433,"href":"https:\/\/inducate.eu\/index.php\/wp-json\/wp\/v2\/pages\/409\/revisions\/433"}],"up":[{"embeddable":true,"href":"https:\/\/inducate.eu\/index.php\/wp-json\/wp\/v2\/pages\/2"}],"wp:attachment":[{"href":"https:\/\/inducate.eu\/index.php\/wp-json\/wp\/v2\/media?parent=409"}],"curies":[{"name":"wp","href":"https:\/\/api.w.org\/{rel}","templated":true}]}}