{"id":383,"date":"2020-12-09T15:09:00","date_gmt":"2020-12-09T14:09:00","guid":{"rendered":"http:\/\/inducate.eu\/?page_id=383"},"modified":"2020-12-15T11:13:45","modified_gmt":"2020-12-15T10:13:45","slug":"uber-inducate-warum-ist-dieses-projekt-notwendig","status":"publish","type":"page","link":"https:\/\/inducate.eu\/index.php\/project-presentation\/uber-inducate-warum-ist-dieses-projekt-notwendig\/","title":{"rendered":"\u00dcber Inducate."},"content":{"rendered":"\n<p><\/p>\n\n\n\n<p><strong>Warum ist dieses Projekt notwendig?<\/strong><\/p>\n\n\n\n<p>Erwachsene Lernende mit gesundheitlichen Beeintr\u00e4chtigungen in Europa sind dem Risiko der sozialen Ausgrenzung und Hindernissen beim Zugang zum Arbeitsmarkt ausgesetzt. Es besteht internationale Einigkeit dar\u00fcber, dass sie dabei unterst\u00fctzt werden m\u00fcssen, ihre F\u00e4higkeiten, Kenntnisse und Kompetenzen weiter zu entwickeln, um diese Hindernisse zu \u00fcberwinden. INDUCATE (2019-2022) ist ein Erasmus+-Projekt, das sich dieser Herausforderung stellen will, indem es ein&nbsp;Integriertes Rahmenkonzept&nbsp;zur Bewertung der Effektivit\u00e4t von Erwachsenenbildungsangeboten f\u00fcr erwachsene Lernende, die mit Ausgrenzungssituationen aufgrund von gesundheitlichen Bedingungen konfrontiert sind, bereitstellt.<\/p>\n\n\n\n<p><br>INDUCATE wird in der Erwachsenenbildung T\u00e4tigen ein besseres Verst\u00e4ndnis f\u00fcr die Bed\u00fcrfnisse von Personen mit gesundheitsbezogenen Bedingungen vermitteln und ihnen helfen, effizientere Bildungsprogramme zu entwickeln.&nbsp;<\/p>\n\n\n\n<p><strong>Wie wollen wir das erreichen?&nbsp;<\/strong><\/p>\n\n\n\n<p>Erwachsenenbildungeinrichtungen k\u00f6nnen einen\u00a0Selbstbewertungsprozess\u00a0durchf\u00fchren, um den\u00a0Erfolg\u00a0ihrer Bildungsangebote zu bewerten. Sie k\u00f6nnen Pl\u00e4ne zur Qualit\u00e4tsverbesserung entwickeln und werden ihre\u00a0Praktiken mit KollegInnen austauschen. Es wird ein erweitertes europ\u00e4isches Netzwerk von Erwachsenenbildungsanbietern und anderen interessierten Einrichtungen geschaffen. INDUCATE bringt 5 Organisationen aus verschiedenen europ\u00e4ischen L\u00e4ndern aus dem Bereich der Erwachsenenbildung, Bildungsforschung und Politikentwicklung zusammen\u00a0(erfahren Sie hier mehr \u00fcber die teilnehmenden Organisationen)<\/p>\n\n\n\n<p><strong>Zielsetzungen<\/strong><\/p>\n\n\n\n<ul><li>Identifizierung und Verbreitung der Faktoren, die die Effektivit\u00e4t der EB bei Lernenden mit Gesundheitsproblemen beeinflussen<\/li><li>Bereitstellung eines&nbsp;Integrierten Rahmenkonzepts&nbsp;f\u00fcr EB-Anbieter zur Bewertung der Effektivit\u00e4t ihrer Angebote f\u00fcr Lernende mit Gesundheitsproblemen<\/li><li>Empfehlungen&nbsp;teilen, die es Anbietern von EB erm\u00f6glichen, erfolgreich auf die Bed\u00fcrfnisse von Personen mit gesundheitsbezogenen Problemen einzugehen<\/li><\/ul>\n\n\n\n<p><strong>Die Zielgruppen&nbsp;<\/strong><\/p>\n\n\n\n<ul><li>Anbieter von EB-Ma\u00dfnahmen, Hochschuleinrichtungen und eine Reihe von \u00f6ffentlichen und privaten Anbietern.<\/li><li>Vereinigungen von EB und LLL auf EU- und nationaler Ebene.<\/li><li>Europ\u00e4ische und nationale Institute f\u00fcr Bildung, Sozialpolitik und Bildungsqualit\u00e4t.<\/li><li>Einzelpersonen mit gesundheitsbezogenen Erkrankungen, Verb\u00e4nde und NGOs.<\/li><li>Einrichtungen, die professionelle und p\u00e4dagogische Beratung f\u00fcr&nbsp;benachteiligte&nbsp;Gruppen, einschlie\u00dflich Personen mit Gesundheitsproblemen, anbieten.<\/li><li>Politische Entscheidungstr\u00e4ger im Bereich Bildung und Ausbildung.<\/li><\/ul>\n","protected":false},"excerpt":{"rendered":"<p>Warum ist dieses Projekt notwendig? Erwachsene Lernende mit gesundheitlichen Beeintr\u00e4chtigungen in Europa sind dem Risiko der sozialen Ausgrenzung und Hindernissen beim Zugang [&hellip;]<\/p>\n","protected":false},"author":1,"featured_media":0,"parent":2,"menu_order":0,"comment_status":"closed","ping_status":"closed","template":"","meta":{"om_disable_all_campaigns":false,"footnotes":""},"_links":{"self":[{"href":"https:\/\/inducate.eu\/index.php\/wp-json\/wp\/v2\/pages\/383"}],"collection":[{"href":"https:\/\/inducate.eu\/index.php\/wp-json\/wp\/v2\/pages"}],"about":[{"href":"https:\/\/inducate.eu\/index.php\/wp-json\/wp\/v2\/types\/page"}],"author":[{"embeddable":true,"href":"https:\/\/inducate.eu\/index.php\/wp-json\/wp\/v2\/users\/1"}],"replies":[{"embeddable":true,"href":"https:\/\/inducate.eu\/index.php\/wp-json\/wp\/v2\/comments?post=383"}],"version-history":[{"count":4,"href":"https:\/\/inducate.eu\/index.php\/wp-json\/wp\/v2\/pages\/383\/revisions"}],"predecessor-version":[{"id":417,"href":"https:\/\/inducate.eu\/index.php\/wp-json\/wp\/v2\/pages\/383\/revisions\/417"}],"up":[{"embeddable":true,"href":"https:\/\/inducate.eu\/index.php\/wp-json\/wp\/v2\/pages\/2"}],"wp:attachment":[{"href":"https:\/\/inducate.eu\/index.php\/wp-json\/wp\/v2\/media?parent=383"}],"curies":[{"name":"wp","href":"https:\/\/api.w.org\/{rel}","templated":true}]}}