{"id":333,"date":"2020-09-25T18:00:34","date_gmt":"2020-09-25T16:00:34","guid":{"rendered":"http:\/\/inducate.eu\/?page_id=333"},"modified":"2020-12-10T11:39:05","modified_gmt":"2020-12-10T10:39:05","slug":"presentation-du-projet","status":"publish","type":"page","link":"https:\/\/inducate.eu\/index.php\/project-presentation\/presentation-du-projet\/","title":{"rendered":"Pr\u00e9sentation du projet"},"content":{"rendered":"\n<p><strong>Pourquoi ce projet est-il n\u00e9cessaire ?<\/strong><\/p>\n\n\n\n<p>Les apprenants adultes europ\u00e9ens souffrant d&#8217;affections li\u00e9es \u00e0 la sant\u00e9 sont confront\u00e9s \u00e0 des risques d&#8217;exclusion sociale et \u00e0 des obstacles \u00e0 l&#8217;employabilit\u00e9.&nbsp;<br>Il existe un consensus international sur le fait qu&#8217;ils ont besoin d&#8217;un soutien particulier pour d\u00e9velopper leurs aptitudes, leurs connaissances et leurs comp\u00e9tences afin de surmonter ces obstacles.<br>IINDUCATE (2019-2022) est un projet Erasmus+ qui vise \u00e0 relever ce d\u00e9fi en fournissant un cadre d&#8217;\u00e9valuation int\u00e9gr\u00e9 permettant d&#8217;\u00e9valuer l&#8217;efficacit\u00e9 des prestataires de formation pour les apprenants adultes confront\u00e9s \u00e0 des situations d&#8217;exclusion li\u00e9es \u00e0 leur \u00e9tat de sant\u00e9.<br>INDUCATE permettra au personnel charg\u00e9 de l&#8217;\u00e9ducation des adultes de mieux comprendre les besoins des personnes souffrant de probl\u00e8mes de sant\u00e9 et les aidera \u00e0 mettre en place des programmes d&#8217;\u00e9ducation plus efficaces.&nbsp;<\/p>\n\n\n\n<p><strong><strong>Comment allons-nous proc\u00e9der ?<\/strong>\u00a0<\/strong><\/p>\n\n\n\n<p>Les prestataires d&#8217;\u00e9ducation des adultes s&#8217;engageront dans un processus d&#8217;auto-\u00e9valuation pour \u00e9valuer l&#8217;impact de leur formation, pourront \u00e9laborer des plans d&#8217;am\u00e9lioration&nbsp; qualit\u00e9 et partageront leurs pratiques avec leurs pairs. Un r\u00e9seau europ\u00e9en \u00e9largi de prestataires d&#8217;\u00e9ducation des adultes et d&#8217;autres organismes int\u00e9ress\u00e9s sera mis en place.<br>INDUCATE rassemble 5 organisations de diff\u00e9rents pays europ\u00e9ens agissant dans le domaine de l&#8217;offre d&#8217;\u00e9ducation et de formation des adultes, de la recherche en \u00e9ducation et de l&#8217;\u00e9laboration de politiques publiques.<\/p>\n\n\n\n<p><strong>Objectifs<\/strong><\/p>\n\n\n\n<p>Identifier et diffuser les facteurs qui influent sur l&#8217;efficacit\u00e9 de l&#8217;\u00e9ducation des adultes (EA) pour les apprenants ayant des probl\u00e8mes de sant\u00e9Fournir un cadre int\u00e9gr\u00e9 aux prestataires de services d&#8217;\u00e9ducation des adultes pour \u00e9valuer l&#8217;impact de leurs offres sur les apprenants ayant des probl\u00e8mes de sant\u00e9Partager des recommandations pour permettre aux prestataires de services d&#8217;EA de r\u00e9pondre avec succ\u00e8s aux besoins des personnes ayant des probl\u00e8mes de sant\u00e9<\/p>\n\n\n\n<p><strong>Groupes cibles\u00a0<\/strong><\/p>\n\n\n\n<p>Des organismes de formation pour l&#8217;\u00e9ducation des adultes, des \u00e9tablissements d&#8217;enseignement sup\u00e9rieur et toute une s\u00e9rie d&#8217;organismes de formation publics et priv\u00e9s.Des associations d&#8217;\u00e9ducation des adultes et d&#8217;\u00e9ducation et de formation tout au long de la vie (EFTLV) au niveau europ\u00e9en et national.Des orgnismes europ\u00e9ens et nationaux d&#8217;\u00e9ducation, de politique sociale et de qualit\u00e9 de l&#8217;\u00e9ducation.Des personnes souffrant de probl\u00e8mes de sant\u00e9, des associations et des ONG concern\u00e9es.Des organismes fournissant des conseils professionnels et \u00e9ducatifs aux groupes vuln\u00e9rables, y compris les personnes ayant des probl\u00e8mes de sant\u00e9.Des d\u00e9cideurs politiques dans le domaine de l&#8217;\u00e9ducation et de la formation.<\/p>\n","protected":false},"excerpt":{"rendered":"<p>Pourquoi ce projet est-il n\u00e9cessaire ? Les apprenants adultes europ\u00e9ens souffrant d&#8217;affections li\u00e9es \u00e0 la sant\u00e9 sont confront\u00e9s \u00e0 des risques d&#8217;exclusion [&hellip;]<\/p>\n","protected":false},"author":1,"featured_media":0,"parent":2,"menu_order":0,"comment_status":"closed","ping_status":"closed","template":"","meta":{"om_disable_all_campaigns":false,"footnotes":""},"_links":{"self":[{"href":"https:\/\/inducate.eu\/index.php\/wp-json\/wp\/v2\/pages\/333"}],"collection":[{"href":"https:\/\/inducate.eu\/index.php\/wp-json\/wp\/v2\/pages"}],"about":[{"href":"https:\/\/inducate.eu\/index.php\/wp-json\/wp\/v2\/types\/page"}],"author":[{"embeddable":true,"href":"https:\/\/inducate.eu\/index.php\/wp-json\/wp\/v2\/users\/1"}],"replies":[{"embeddable":true,"href":"https:\/\/inducate.eu\/index.php\/wp-json\/wp\/v2\/comments?post=333"}],"version-history":[{"count":4,"href":"https:\/\/inducate.eu\/index.php\/wp-json\/wp\/v2\/pages\/333\/revisions"}],"predecessor-version":[{"id":401,"href":"https:\/\/inducate.eu\/index.php\/wp-json\/wp\/v2\/pages\/333\/revisions\/401"}],"up":[{"embeddable":true,"href":"https:\/\/inducate.eu\/index.php\/wp-json\/wp\/v2\/pages\/2"}],"wp:attachment":[{"href":"https:\/\/inducate.eu\/index.php\/wp-json\/wp\/v2\/media?parent=333"}],"curies":[{"name":"wp","href":"https:\/\/api.w.org\/{rel}","templated":true}]}}